{"id":1146,"date":"2024-05-17T16:39:50","date_gmt":"2024-05-17T19:39:50","guid":{"rendered":"https:\/\/demosites.royal-elementor-addons.com\/cleaning-v1\/?page_id=13"},"modified":"2025-07-31T18:34:21","modified_gmt":"2025-07-31T21:34:21","slug":"contato","status":"publish","type":"page","link":"https:\/\/cahemahigienizacao.com.br\/index.php\/contato\/","title":{"rendered":"Contato"},"content":{"rendered":"\t\t<div data-elementor-type=\"wp-page\" data-elementor-id=\"1146\" class=\"elementor elementor-1146\" data-elementor-post-type=\"page\">\n\t\t\t\t<div class=\"elementor-element elementor-element-0b43534 e-flex e-con-boxed wpr-particle-no wpr-jarallax-no wpr-parallax-no wpr-sticky-section-no e-con e-parent\" data-id=\"0b43534\" data-element_type=\"container\" data-settings=\"{&quot;background_background&quot;:&quot;classic&quot;}\">\n\t\t\t\t\t<div class=\"e-con-inner\">\n\t\t\t\t<div class=\"elementor-element elementor-element-dc2d0dd elementor-widget elementor-widget-heading\" data-id=\"dc2d0dd\" data-element_type=\"widget\" data-widget_type=\"heading.default\">\n\t\t\t\t<div class=\"elementor-widget-container\">\n\t\t\t\t\t<h2 class=\"elementor-heading-title elementor-size-default\">Contato<\/h2>\t\t\t\t<\/div>\n\t\t\t\t<\/div>\n\t\t\t\t<div class=\"elementor-element elementor-element-f6196cf elementor-widget elementor-widget-text-editor\" data-id=\"f6196cf\" data-element_type=\"widget\" data-widget_type=\"text-editor.default\">\n\t\t\t\t<div class=\"elementor-widget-container\">\n\t\t\t\t\t\t\t\t\t<p>Home <span class=\"the_copied_text\" style=\"color: #2589ff;\">\u00bb Contato<\/span><\/p>\t\t\t\t\t\t\t\t<\/div>\n\t\t\t\t<\/div>\n\t\t\t\t\t<\/div>\n\t\t\t\t<\/div>\n\t\t<div class=\"elementor-element elementor-element-505ec53 e-flex e-con-boxed wpr-particle-no wpr-jarallax-no wpr-parallax-no wpr-sticky-section-no e-con e-parent\" data-id=\"505ec53\" data-element_type=\"container\">\n\t\t\t\t\t<div class=\"e-con-inner\">\n\t\t\t\t<div class=\"elementor-element elementor-element-4abc0eb elementor-widget elementor-widget-heading\" data-id=\"4abc0eb\" data-element_type=\"widget\" data-widget_type=\"heading.default\">\n\t\t\t\t<div class=\"elementor-widget-container\">\n\t\t\t\t\t<h2 class=\"elementor-heading-title elementor-size-default\">Entre em contato conosco!<\/h2>\t\t\t\t<\/div>\n\t\t\t\t<\/div>\n\t\t<div class=\"elementor-element elementor-element-82b9a31 e-flex e-con-boxed wpr-particle-no wpr-jarallax-no wpr-parallax-no wpr-sticky-section-no e-con e-child\" data-id=\"82b9a31\" data-element_type=\"container\">\n\t\t\t\t\t<div class=\"e-con-inner\">\n\t\t\t\t<div class=\"elementor-element elementor-element-60c0f75 elementor-widget elementor-widget-text-editor\" data-id=\"60c0f75\" data-element_type=\"widget\" data-widget_type=\"text-editor.default\">\n\t\t\t\t<div class=\"elementor-widget-container\">\n\t\t\t\t\t\t\t\t\t<p data-start=\"85\" data-end=\"371\"><strong data-start=\"85\" data-end=\"184\">Entre em contato conosco para adquirir nossos produtos ou solicitar um or\u00e7amento personalizado.<\/strong><br data-start=\"184\" data-end=\"187\" \/>Estamos prontos para atender suas cota\u00e7\u00f5es com agilidade e oferecer a melhor solu\u00e7\u00e3o para sua necessidade. Preencha o formul\u00e1rio ao lado e nossa equipe retornar\u00e1 o mais breve poss\u00edvel.<\/p>\t\t\t\t\t\t\t\t<\/div>\n\t\t\t\t<\/div>\n\t\t\t\t<div class=\"elementor-element elementor-element-c1e1567 elementor-widget elementor-widget-html\" data-id=\"c1e1567\" data-element_type=\"widget\" data-widget_type=\"html.default\">\n\t\t\t\t<div class=\"elementor-widget-container\">\n\t\t\t\t\t<form action=\"https:\/\/formsubmit.co\/victor.miosso@cahemahigienizacao.com.br\" method=\"POST\">\r\n  <input type=\"hidden\" name=\"_captcha\" value=\"false\">\r\n  <input type=\"hidden\" name=\"_template\" value=\"table\">\r\n  <input type=\"hidden\" name=\"_subject\" value=\"Novo contato via formul\u00e1rio\">\r\n  <input type=\"hidden\" name=\"_next\" value=\"https:\/\/seusite.com\/obrigado.html\"> <!-- redirecionamento opcional -->\r\n\r\n  <label for=\"nome\">Nome<\/label><br>\r\n  <input type=\"text\" id=\"nome\" name=\"Nome\" required><br><br>\r\n\r\n  <label for=\"email\">E-mail<\/label><br>\r\n  <input type=\"email\" id=\"email\" name=\"Email\" required><br><br>\r\n\r\n  <label for=\"empresa\">Empresa<\/label><br>\r\n  <input type=\"text\" id=\"empresa\" name=\"Empresa\"><br><br>\r\n\r\n  <label for=\"mensagem\">Mensagem<\/label><br>\r\n  <textarea id=\"mensagem\" name=\"Mensagem\" required><\/textarea><br><br>\r\n\r\n  <button type=\"submit\">Enviar<\/button>\r\n<\/form>\r\n\t\t\t\t<\/div>\n\t\t\t\t<\/div>\n\t\t\t\t\t<\/div>\n\t\t\t\t<\/div>\n\t\t\t\t\t<\/div>\n\t\t\t\t<\/div>\n\t\t\t\t<\/div>\n\t\t","protected":false},"excerpt":{"rendered":"<p>Contato Home \u00bb Contato Entre em contato conosco! Entre em contato conosco para adquirir nossos produtos ou solicitar um or\u00e7amento personalizado.Estamos prontos para atender suas cota\u00e7\u00f5es com agilidade e oferecer a melhor solu\u00e7\u00e3o para sua necessidade. Preencha o formul\u00e1rio ao lado e nossa equipe retornar\u00e1 o mais breve poss\u00edvel. Nome E-mail Empresa Mensagem Enviar<\/p>\n","protected":false},"author":1,"featured_media":0,"parent":0,"menu_order":0,"comment_status":"closed","ping_status":"closed","template":"elementor_canvas","meta":{"footnotes":""},"class_list":["post-1146","page","type-page","status-publish","hentry"],"acf":[],"_links":{"self":[{"href":"https:\/\/cahemahigienizacao.com.br\/index.php\/wp-json\/wp\/v2\/pages\/1146","targetHints":{"allow":["GET"]}}],"collection":[{"href":"https:\/\/cahemahigienizacao.com.br\/index.php\/wp-json\/wp\/v2\/pages"}],"about":[{"href":"https:\/\/cahemahigienizacao.com.br\/index.php\/wp-json\/wp\/v2\/types\/page"}],"author":[{"embeddable":true,"href":"https:\/\/cahemahigienizacao.com.br\/index.php\/wp-json\/wp\/v2\/users\/1"}],"replies":[{"embeddable":true,"href":"https:\/\/cahemahigienizacao.com.br\/index.php\/wp-json\/wp\/v2\/comments?post=1146"}],"version-history":[{"count":21,"href":"https:\/\/cahemahigienizacao.com.br\/index.php\/wp-json\/wp\/v2\/pages\/1146\/revisions"}],"predecessor-version":[{"id":1519,"href":"https:\/\/cahemahigienizacao.com.br\/index.php\/wp-json\/wp\/v2\/pages\/1146\/revisions\/1519"}],"wp:attachment":[{"href":"https:\/\/cahemahigienizacao.com.br\/index.php\/wp-json\/wp\/v2\/media?parent=1146"}],"curies":[{"name":"wp","href":"https:\/\/api.w.org\/{rel}","templated":true}]}}